{"id":517,"date":"2025-08-27T20:34:32","date_gmt":"2025-08-27T20:34:32","guid":{"rendered":"https:\/\/tooze.co.za\/sb\/?page_id=517"},"modified":"2025-11-12T03:07:10","modified_gmt":"2025-11-12T03:07:10","slug":"impressum","status":"publish","type":"page","link":"https:\/\/tooze.co.za\/sb\/impressum\/","title":{"rendered":"Impressum"},"content":{"rendered":"[vc_row type=&#8221;full_width_content&#8221; full_screen_row_position=&#8221;middle&#8221; column_margin=&#8221;default&#8221; column_direction=&#8221;default&#8221; column_direction_tablet=&#8221;default&#8221; column_direction_phone=&#8221;default&#8221; scene_position=&#8221;center&#8221; left_padding_desktop=&#8221;60px&#8221; right_padding_desktop=&#8221;60px&#8221; left_padding_phone=&#8221;20px&#8221; right_padding_phone=&#8221;20px&#8221; text_color=&#8221;dark&#8221; text_align=&#8221;left&#8221; row_border_radius=&#8221;none&#8221; row_border_radius_applies=&#8221;bg&#8221; overflow=&#8221;visible&#8221; overlay_strength=&#8221;0.3&#8243; gradient_direction=&#8221;left_to_right&#8221; shape_divider_position=&#8221;bottom&#8221; bg_image_animation=&#8221;none&#8221; gradient_type=&#8221;default&#8221; shape_type=&#8221;&#8221;][vc_column column_padding=&#8221;no-extra-padding&#8221; column_padding_tablet=&#8221;inherit&#8221; column_padding_phone=&#8221;inherit&#8221; column_padding_position=&#8221;all&#8221; column_element_direction_desktop=&#8221;default&#8221; column_element_spacing=&#8221;default&#8221; desktop_text_alignment=&#8221;default&#8221; tablet_text_alignment=&#8221;default&#8221; phone_text_alignment=&#8221;default&#8221; background_color_opacity=&#8221;1&#8243; background_hover_color_opacity=&#8221;1&#8243; column_backdrop_filter=&#8221;none&#8221; column_shadow=&#8221;none&#8221; column_border_radius=&#8221;none&#8221; column_link_target=&#8221;_self&#8221; column_position=&#8221;default&#8221; gradient_direction=&#8221;left_to_right&#8221; overlay_strength=&#8221;0.3&#8243; width=&#8221;1\/1&#8243; tablet_width_inherit=&#8221;default&#8221; animation_type=&#8221;default&#8221; bg_image_animation=&#8221;none&#8221; border_type=&#8221;simple&#8221; column_border_width=&#8221;none&#8221; column_border_style=&#8221;solid&#8221;][divider line_type=&#8221;No Line&#8221; custom_height=&#8221;60&#8243;][vc_custom_heading text=&#8221;IMPRESSUM&#8221; use_theme_fonts=&#8221;yes&#8221; css_animation=&#8221;fadeInUp&#8221; css=&#8221;&#8221;][divider line_type=&#8221;No Line&#8221; custom_height=&#8221;20&#8243;][vc_row_inner column_margin=&#8221;60px&#8221; column_direction=&#8221;default&#8221; column_direction_tablet=&#8221;default&#8221; column_direction_phone=&#8221;default&#8221; text_align=&#8221;left&#8221; row_position=&#8221;default&#8221; row_position_tablet=&#8221;inherit&#8221; row_position_phone=&#8221;inherit&#8221; overflow=&#8221;visible&#8221; pointer_events=&#8221;all&#8221;][vc_column_inner column_padding=&#8221;no-extra-padding&#8221; column_padding_tablet=&#8221;inherit&#8221; column_padding_phone=&#8221;inherit&#8221; column_padding_position=&#8221;all&#8221; column_element_direction_desktop=&#8221;default&#8221; column_element_spacing=&#8221;default&#8221; desktop_text_alignment=&#8221;default&#8221; tablet_text_alignment=&#8221;default&#8221; phone_text_alignment=&#8221;default&#8221; background_color_opacity=&#8221;1&#8243; background_hover_color_opacity=&#8221;1&#8243; column_backdrop_filter=&#8221;none&#8221; column_shadow=&#8221;none&#8221; column_border_radius=&#8221;none&#8221; column_link_target=&#8221;_self&#8221; overflow=&#8221;visible&#8221; gradient_direction=&#8221;left_to_right&#8221; overlay_strength=&#8221;0.3&#8243; width=&#8221;1\/2&#8243; tablet_width_inherit=&#8221;default&#8221; animation_type=&#8221;default&#8221; enable_animation=&#8221;true&#8221; animation=&#8221;fade-in&#8221; animation_easing=&#8221;default&#8221; bg_image_animation=&#8221;none&#8221; border_type=&#8221;simple&#8221; column_border_width=&#8221;none&#8221; column_border_style=&#8221;solid&#8221; column_padding_type=&#8221;default&#8221; gradient_type=&#8221;default&#8221;][image_with_animation image_url=&#8221;85&#8243; image_size=&#8221;full&#8221; max_width=&#8221;100%&#8221; max_width_mobile=&#8221;default&#8221; animation_type=&#8221;entrance&#8221; animation=&#8221;None&#8221; animation_movement_type=&#8221;transform_y&#8221; hover_animation=&#8221;none&#8221; alignment=&#8221;&#8221; border_radius=&#8221;none&#8221; box_shadow=&#8221;none&#8221; image_loading=&#8221;default&#8221;][\/vc_column_inner][vc_column_inner column_padding=&#8221;no-extra-padding&#8221; column_padding_tablet=&#8221;inherit&#8221; column_padding_phone=&#8221;inherit&#8221; column_padding_position=&#8221;all&#8221; column_element_direction_desktop=&#8221;default&#8221; column_element_spacing=&#8221;default&#8221; desktop_text_alignment=&#8221;default&#8221; tablet_text_alignment=&#8221;default&#8221; phone_text_alignment=&#8221;default&#8221; background_color_opacity=&#8221;1&#8243; background_hover_color_opacity=&#8221;1&#8243; column_backdrop_filter=&#8221;none&#8221; column_shadow=&#8221;none&#8221; column_border_radius=&#8221;none&#8221; column_link_target=&#8221;_self&#8221; overflow=&#8221;visible&#8221; gradient_direction=&#8221;left_to_right&#8221; overlay_strength=&#8221;0.3&#8243; width=&#8221;1\/2&#8243; tablet_width_inherit=&#8221;default&#8221; animation_type=&#8221;default&#8221; enable_animation=&#8221;true&#8221; animation=&#8221;slight-fade-in-from-bottom&#8221; animation_easing=&#8221;default&#8221; bg_image_animation=&#8221;none&#8221; border_type=&#8221;simple&#8221; column_border_width=&#8221;none&#8221; column_border_style=&#8221;solid&#8221; column_padding_type=&#8221;default&#8221; gradient_type=&#8221;default&#8221;][nectar_responsive_text inherited_font_style=&#8221;default&#8221; text_direction=&#8221;default&#8221; font_line_height=&#8221;1.3&#8243;]<strong>SCHERTZ BERGMANN<\/strong><br \/>\nRechtsanw\u00e4lte PartG mbB<br \/>\nKurf\u00fcrstendamm 53<br \/>\n10707 Berlin<\/p>\n<p>Fon (030) 880 01 50<br \/>\nFax (030) 880 01 555<\/p>\n<p>E-Mail <a href=\"mailto:mail@schertz-bergmann.de\" target=\"_blank\" rel=\"noopener\">mail@schertz-bergmann.de<\/a><\/p>\n<p>Sitz Berlin<br \/>\nAmtsgericht Charlottenburg<br \/>\nPR 887 B[\/nectar_responsive_text][nectar_responsive_text inherited_font_style=&#8221;default&#8221; text_direction=&#8221;default&#8221; font_line_height=&#8221;1.3&#8243;]<strong>Vertretungsberechtigt<\/strong><br \/>\nProfessor Dr. Christian Schertz, Simon Bergmann, Helge Reich, Dr. Anna Sophie Heuchemer<\/p>\n<p><strong>Umsatzsteuer-Identifikationsnummer<\/strong><span class=\"text\" style=\"color: #000000;\"><b><br \/>\n<\/b><\/span>DE 814303366<\/p>\n<p><strong>Zust\u00e4ndige Berufskammer<\/strong><span class=\"titel\"><br \/>\n<\/span>Rechtsanwaltskammer Berlin<br \/>\nLittenstr. 9<br \/>\n10179 Berlin<\/p>\n<p><strong>Berufsrechtliche Vorschriften<\/strong><span class=\"text\" style=\"color: #000000;\"><br \/>\n<\/span>Bundesrechtsanwaltsordnung <span class=\"text\" style=\"color: #000000;\"><i><a href=\"http:\/\/www.gesetze-im-internet.de\/brao\/index.html\" target=\"_blank\" rel=\"noopener\">BRAO<\/a><\/i><br \/>\n<\/span>Berufsordnung f\u00fcr Rechtsanw\u00e4lte <span class=\"text\" style=\"color: #000000;\"><i><a href=\"http:\/\/www.brak.de\/w\/files\/02_fuer_anwaelte\/berufsrecht\/bora_stand_01.11.11.pdf\">BORA<\/a><\/i><br \/>\n<\/span>Fachanwaltsordnung\u00a0<span class=\"text\" style=\"color: #000000;\"><i><a href=\"http:\/\/www.brak.de\/w\/files\/02_fuer_anwaelte\/berufsrecht\/fao_01_07_2011.pdf\">FAO<\/a><\/i><br \/>\n<\/span>Rechtsanwaltsverg\u00fctungsgesetz\u00a0<span class=\"text\" style=\"color: #000000;\"><i><a href=\"http:\/\/www.gesetze-im-internet.de\/rvg\/\" target=\"_blank\" rel=\"noopener\">RVG<\/a><\/i><br \/>\n<\/span>Berufsregeln der Rechtsanw\u00e4lte der Europ\u00e4ischen Gemeinschaft\u00a0<span class=\"text\" style=\"color: #000000;\"><i><a href=\"http:\/\/www.brak.de\/w\/files\/02_fuer_anwaelte\/Berufsregeln_Mai%202006_090615.pdf\">CCBE<\/a><\/i><br \/>\n<\/span>Gerichtskostengesetz <span class=\"text\" style=\"color: #000000;\"><i><a href=\"http:\/\/www.gesetze-im-internet.de\/gkg_2004\/\" target=\"_blank\" rel=\"noopener\">GKG<\/a><\/i><\/span><\/p>\n<p>Die Berufshaftpflichtversicherung besteht bei ERGO Versicherung AG, Victoriaplatz 1, 40477 D\u00fcsseldorf. Der r\u00e4umliche Geltungsbereich des Versicherungsschutzes umfasst Dienstleistungen in den Mitgliedsl\u00e4ndern der Europ\u00e4ischen Union und gen\u00fcgt mindestens den Anforderungen der \u00a7 51 Bundesrechtsanwaltsordnung (BRAO).<i><\/i><\/p>\n<p><strong>Bildnachweis<\/strong><span class=\"titel\"><br \/>\n<\/span>Fotograf s\u00e4mtlicher Fotos mit Ausnahme der Portraitfotos von Dr. Anna Sophie Heuchemer und Clara von Harling ist Arne Weychardt. Das Portraitfoto von Clara von Harling stammt von Till Br\u00f6nner.<\/p>\n<p><strong>Haftungsausschluss<br \/>\n<\/strong><b><\/b><em>Schertz Bergmann Rechtsanw\u00e4lte PartG mbB<\/em>\u00a0\u00fcbernimmt keine Garantie daf\u00fcr, dass die auf dieser Website bereitgestellten Informationen vollst\u00e4ndig, richtig und in jedem Fall aktuell sind. Dies gilt auch f\u00fcr alle Verbindungen (\u201clinks\u201d), auf die diese Website direkt oder indirekt verweist.\u00a0<em>Schertz Bergmann Rechtsanw\u00e4lte PartG mbB<\/em>\u00a0ist f\u00fcr den Inhalt einer Seite, die mit einem solchen link erreicht wird, nicht verantwortlich.\u00a0<em>Schertz Bergmann Rechtsanw\u00e4lte PartG mbB<\/em>\u00a0beh\u00e4lt sich das Recht vor, ohne vorherige Ank\u00fcndigung, \u00c4nderungen oder Erg\u00e4nzungen der bereitgestellten Informationen vorzunehmen.[\/nectar_responsive_text][\/vc_column_inner][\/vc_row_inner][divider line_type=&#8221;No Line&#8221; custom_height=&#8221;80&#8243;][\/vc_column][\/vc_row]\n","protected":false},"excerpt":{"rendered":"<p>[vc_row type=&#8221;full_width_content&#8221; full_screen_row_position=&#8221;middle&#8221; column_margin=&#8221;default&#8221; column_direction=&#8221;default&#8221; column_direction_tablet=&#8221;default&#8221; column_direction_phone=&#8221;default&#8221; scene_position=&#8221;center&#8221; left_padding_desktop=&#8221;60px&#8221; right_padding_desktop=&#8221;60px&#8221; left_padding_phone=&#8221;20px&#8221; right_padding_phone=&#8221;20px&#8221; text_color=&#8221;dark&#8221; text_align=&#8221;left&#8221; row_border_radius=&#8221;none&#8221; row_border_radius_applies=&#8221;bg&#8221; overflow=&#8221;visible&#8221; overlay_strength=&#8221;0.3&#8243; gradient_direction=&#8221;left_to_right&#8221; shape_divider_position=&#8221;bottom&#8221; bg_image_animation=&#8221;none&#8221; gradient_type=&#8221;default&#8221; shape_type=&#8221;&#8221;][vc_column column_padding=&#8221;no-extra-padding&#8221; column_padding_tablet=&#8221;inherit&#8221; column_padding_phone=&#8221;inherit&#8221; column_padding_position=&#8221;all&#8221; column_element_direction_desktop=&#8221;default&#8221; column_element_spacing=&#8221;default&#8221; desktop_text_alignment=&#8221;default&#8221;&#8230;<\/p>\n","protected":false},"author":1,"featured_media":0,"parent":0,"menu_order":0,"comment_status":"closed","ping_status":"closed","template":"","meta":{"footnotes":""},"class_list":["post-517","page","type-page","status-publish"],"_links":{"self":[{"href":"https:\/\/tooze.co.za\/sb\/wp-json\/wp\/v2\/pages\/517","targetHints":{"allow":["GET"]}}],"collection":[{"href":"https:\/\/tooze.co.za\/sb\/wp-json\/wp\/v2\/pages"}],"about":[{"href":"https:\/\/tooze.co.za\/sb\/wp-json\/wp\/v2\/types\/page"}],"author":[{"embeddable":true,"href":"https:\/\/tooze.co.za\/sb\/wp-json\/wp\/v2\/users\/1"}],"replies":[{"embeddable":true,"href":"https:\/\/tooze.co.za\/sb\/wp-json\/wp\/v2\/comments?post=517"}],"version-history":[{"count":6,"href":"https:\/\/tooze.co.za\/sb\/wp-json\/wp\/v2\/pages\/517\/revisions"}],"predecessor-version":[{"id":611,"href":"https:\/\/tooze.co.za\/sb\/wp-json\/wp\/v2\/pages\/517\/revisions\/611"}],"wp:attachment":[{"href":"https:\/\/tooze.co.za\/sb\/wp-json\/wp\/v2\/media?parent=517"}],"curies":[{"name":"wp","href":"https:\/\/api.w.org\/{rel}","templated":true}]}}