{"id":310,"date":"2025-08-24T23:35:26","date_gmt":"2025-08-24T23:35:26","guid":{"rendered":"https:\/\/tooze.co.za\/sb\/?page_id=310"},"modified":"2025-10-31T20:18:44","modified_gmt":"2025-10-31T20:18:44","slug":"bergmann-publications","status":"publish","type":"page","link":"https:\/\/tooze.co.za\/sb\/anwalte\/bergmann-publications\/","title":{"rendered":"Bergmann\/Publications"},"content":{"rendered":"[vc_row type=&#8221;full_width_content&#8221; full_screen_row_position=&#8221;middle&#8221; column_margin=&#8221;default&#8221; column_direction=&#8221;default&#8221; column_direction_tablet=&#8221;default&#8221; column_direction_phone=&#8221;default&#8221; scene_position=&#8221;center&#8221; left_padding_desktop=&#8221;60px&#8221; right_padding_desktop=&#8221;60px&#8221; left_padding_phone=&#8221;20px&#8221; right_padding_phone=&#8221;20px&#8221; text_color=&#8221;dark&#8221; text_align=&#8221;left&#8221; row_border_radius=&#8221;none&#8221; row_border_radius_applies=&#8221;bg&#8221; overflow=&#8221;visible&#8221; overlay_strength=&#8221;0.3&#8243; gradient_direction=&#8221;left_to_right&#8221; shape_divider_position=&#8221;bottom&#8221; bg_image_animation=&#8221;none&#8221; gradient_type=&#8221;default&#8221; shape_type=&#8221;&#8221;][vc_column column_padding=&#8221;no-extra-padding&#8221; column_padding_tablet=&#8221;inherit&#8221; column_padding_phone=&#8221;inherit&#8221; column_padding_position=&#8221;all&#8221; column_element_direction_desktop=&#8221;default&#8221; column_element_spacing=&#8221;default&#8221; desktop_text_alignment=&#8221;default&#8221; tablet_text_alignment=&#8221;default&#8221; phone_text_alignment=&#8221;default&#8221; background_color_opacity=&#8221;1&#8243; background_hover_color_opacity=&#8221;1&#8243; column_backdrop_filter=&#8221;none&#8221; column_shadow=&#8221;none&#8221; column_border_radius=&#8221;none&#8221; column_link_target=&#8221;_self&#8221; column_position=&#8221;default&#8221; gradient_direction=&#8221;left_to_right&#8221; overlay_strength=&#8221;0.3&#8243; width=&#8221;1\/1&#8243; tablet_width_inherit=&#8221;default&#8221; animation_type=&#8221;default&#8221; bg_image_animation=&#8221;none&#8221; border_type=&#8221;simple&#8221; column_border_width=&#8221;none&#8221; column_border_style=&#8221;solid&#8221;][divider line_type=&#8221;No Line&#8221; custom_height=&#8221;60&#8243;][vc_custom_heading text=&#8221;PUBLIKATIONEN&#8221; use_theme_fonts=&#8221;yes&#8221; css=&#8221;&#8221;][nectar_responsive_text inherited_font_style=&#8221;default&#8221; text_direction=&#8221;default&#8221; link_href=&#8221;https:\/\/tooze.co.za\/sb\/anwalte\/&#8221;]<span style=\"color: #999999;\">Anw\u00e4lte<\/span> \/ Simon Bergmann \/ Ver\u00f6ffentlichungen[\/nectar_responsive_text][divider line_type=&#8221;No Line&#8221; custom_height=&#8221;20&#8243;][\/vc_column][\/vc_row][vc_row type=&#8221;full_width_content&#8221; full_screen_row_position=&#8221;middle&#8221; column_margin=&#8221;default&#8221; column_direction=&#8221;default&#8221; column_direction_tablet=&#8221;default&#8221; column_direction_phone=&#8221;default&#8221; scene_position=&#8221;center&#8221; left_padding_desktop=&#8221;60px&#8221; right_padding_desktop=&#8221;60px&#8221; left_padding_phone=&#8221;20px&#8221; right_padding_phone=&#8221;20px&#8221; text_color=&#8221;dark&#8221; text_align=&#8221;left&#8221; row_border_radius=&#8221;none&#8221; row_border_radius_applies=&#8221;bg&#8221; overflow=&#8221;visible&#8221; overlay_strength=&#8221;0.3&#8243; gradient_direction=&#8221;left_to_right&#8221; shape_divider_position=&#8221;bottom&#8221; bg_image_animation=&#8221;none&#8221; gradient_type=&#8221;default&#8221; shape_type=&#8221;&#8221;][vc_column column_padding=&#8221;no-extra-padding&#8221; column_padding_tablet=&#8221;inherit&#8221; column_padding_phone=&#8221;inherit&#8221; column_padding_position=&#8221;all&#8221; column_element_direction_desktop=&#8221;default&#8221; column_element_spacing=&#8221;default&#8221; desktop_text_alignment=&#8221;default&#8221; tablet_text_alignment=&#8221;default&#8221; phone_text_alignment=&#8221;default&#8221; background_color_opacity=&#8221;1&#8243; background_hover_color_opacity=&#8221;1&#8243; column_backdrop_filter=&#8221;none&#8221; column_shadow=&#8221;none&#8221; column_border_radius=&#8221;none&#8221; column_link_target=&#8221;_self&#8221; column_position=&#8221;default&#8221; gradient_direction=&#8221;left_to_right&#8221; overlay_strength=&#8221;0.3&#8243; width=&#8221;1\/1&#8243; tablet_width_inherit=&#8221;default&#8221; animation_type=&#8221;default&#8221; bg_image_animation=&#8221;none&#8221; border_type=&#8221;simple&#8221; column_border_width=&#8221;none&#8221; column_border_style=&#8221;solid&#8221;][nectar_cta btn_style=&#8221;basic&#8221; heading_tag=&#8221;h6&#8243; button_color=&#8221;default&#8221; text_color=&#8221;#000000&#8243; text_color_hover=&#8221;#858585&#8243; button_border_thickness=&#8221;0px&#8221; link_type=&#8221;regular&#8221; alignment=&#8221;left&#8221; alignment_tablet=&#8221;default&#8221; alignment_phone=&#8221;default&#8221; display=&#8221;block&#8221; display_tablet=&#8221;inherit&#8221; display_phone=&#8221;inherit&#8221; icon_family=&#8221;none&#8221; font_size_desktop=&#8221;15&#8243; link_text=&#8221;SIMON BERGMANN&#8221; url=&#8221;https:\/\/tooze.co.za\/sb\/simon-bergmann\/&#8221;][tabbed_section style=&#8221;vertical_scrolling&#8221; tab_color=&#8221;Accent-Color&#8221; vs_navigation_func=&#8221;default&#8221; vs_navigation_width=&#8221;wide&#8221; vs_navigation_spacing=&#8221;15px&#8221; vs_navigation_mobile_display=&#8221;visible&#8221; vs_tab_spacing=&#8221;5%&#8221; vs_tab_tag=&#8221;h6&#8243; vs_cta_style=&#8221;see-through&#8221; vs_cta_bg_color=&#8221;default&#8221; vs_cta_heading_tag=&#8221;h6&#8243; vs_sticky_aspect=&#8221;default&#8221;][tab icon_family=&#8221;none&#8221; title=&#8221;BEITR\u00c4GE IN B\u00dcCHERN&#8221; id=&#8221;1761941346072-4&#8243; tab_id=&#8221;1761941346072-1&#8243;][vc_custom_heading text=&#8221;BEITR\u00c4GE IN B\u00dcCHERN&#8221; font_container=&#8221;tag:h4|font_size:20|text_align:left&#8221; use_theme_fonts=&#8221;yes&#8221; css=&#8221;&#8221;][divider line_type=&#8221;No Line&#8221; custom_height=&#8221;10&#8243;][vc_column_text css=&#8221;&#8221; text_direction=&#8221;default&#8221;]\n<ul>\n<li><strong>G\u00f6tting\/Schertz\/Seitz, Handbuch des Pers\u00f6nlichkeitsrechts<\/strong><br \/>\n<strong>Beitrag Simon Bergmann:<\/strong> &#8220;Vertr\u00e4ge mit Spitzensportlern&#8221;, Seite 656 ff.,<br \/>\nC.H. Beck Verlag M\u00fcnchen, 2008<br \/>\nISBN: 3406570496<\/li>\n<li><strong>&#8220;Rechtliche Problemstellungen um die Athletenvereinbarung aus Athletensicht&#8221;<\/strong><br \/>\nin: Rechtliche Problemstellungen um Athletenvereinbarungen (Herausgeber: Steinle)<br \/>\nRichard Boorberg Verlag 2013<br \/>\nISBN: 978-3-415-04934-5<\/li>\n<li><strong>\u201eVerdachtsberichterstattung und Pers\u00f6nlichkeitsrechte\u201c<\/strong> in: Datenschutz und Pers\u00f6nlichkeitsrechte im Sport (Herausgeber: Orth) Richard Boorberg Verlag 2024<br \/>\nISBN: 978-3-415-07640-2<\/li>\n<\/ul>\n[\/vc_column_text][\/tab][tab icon_family=&#8221;none&#8221; title=&#8221;ZEITUNGS-, ZEITSCHRIFTEN- UND INTERNET VER\u00d6FFENTLICHUNGEN&#8221; id=&#8221;1761941346096-3&#8243; tab_id=&#8221;1761941346096-10&#8243;][vc_custom_heading text=&#8221;ZEITUNGS-, ZEITSCHRIFTEN- UND INTERNETVER\u00d6FFENTLICHUNGEN&#8221; font_container=&#8221;tag:h4|font_size:20|text_align:left&#8221; use_theme_fonts=&#8221;yes&#8221; css=&#8221;&#8221;][divider line_type=&#8221;No Line&#8221; custom_height=&#8221;10&#8243;][vc_column_text css=&#8221;&#8221; text_direction=&#8221;default&#8221;]\n<ul>\n<li><strong>&#8220;Aus dem Leben eines Sportrechtsanwalts&#8221;<\/strong><br \/>\nin: Bonner Rechtsjournal, Ausgabe 02\/2010<\/li>\n<li><strong>&#8220;Anmerkungen zum BGH-Urteil vom 02.05.2017 &#8211; Az.: VI ZR 262\/16&#8221;<\/strong><br \/>\nin: AfP 2017, 314<\/li>\n<\/ul>\n[\/vc_column_text][\/tab][\/tabbed_section][divider line_type=&#8221;No Line&#8221; custom_height=&#8221;500&#8243;][\/vc_column][\/vc_row]\n","protected":false},"excerpt":{"rendered":"<p>[vc_row type=&#8221;full_width_content&#8221; full_screen_row_position=&#8221;middle&#8221; column_margin=&#8221;default&#8221; column_direction=&#8221;default&#8221; column_direction_tablet=&#8221;default&#8221; column_direction_phone=&#8221;default&#8221; scene_position=&#8221;center&#8221; left_padding_desktop=&#8221;60px&#8221; right_padding_desktop=&#8221;60px&#8221; left_padding_phone=&#8221;20px&#8221; right_padding_phone=&#8221;20px&#8221; text_color=&#8221;dark&#8221; text_align=&#8221;left&#8221; row_border_radius=&#8221;none&#8221; row_border_radius_applies=&#8221;bg&#8221; overflow=&#8221;visible&#8221; overlay_strength=&#8221;0.3&#8243; gradient_direction=&#8221;left_to_right&#8221; shape_divider_position=&#8221;bottom&#8221; bg_image_animation=&#8221;none&#8221; gradient_type=&#8221;default&#8221; shape_type=&#8221;&#8221;][vc_column column_padding=&#8221;no-extra-padding&#8221; column_padding_tablet=&#8221;inherit&#8221; column_padding_phone=&#8221;inherit&#8221; column_padding_position=&#8221;all&#8221; column_element_direction_desktop=&#8221;default&#8221; column_element_spacing=&#8221;default&#8221; desktop_text_alignment=&#8221;default&#8221;&#8230;<\/p>\n","protected":false},"author":1,"featured_media":0,"parent":14,"menu_order":0,"comment_status":"closed","ping_status":"closed","template":"","meta":{"footnotes":""},"class_list":["post-310","page","type-page","status-publish"],"_links":{"self":[{"href":"https:\/\/tooze.co.za\/sb\/wp-json\/wp\/v2\/pages\/310","targetHints":{"allow":["GET"]}}],"collection":[{"href":"https:\/\/tooze.co.za\/sb\/wp-json\/wp\/v2\/pages"}],"about":[{"href":"https:\/\/tooze.co.za\/sb\/wp-json\/wp\/v2\/types\/page"}],"author":[{"embeddable":true,"href":"https:\/\/tooze.co.za\/sb\/wp-json\/wp\/v2\/users\/1"}],"replies":[{"embeddable":true,"href":"https:\/\/tooze.co.za\/sb\/wp-json\/wp\/v2\/comments?post=310"}],"version-history":[{"count":12,"href":"https:\/\/tooze.co.za\/sb\/wp-json\/wp\/v2\/pages\/310\/revisions"}],"predecessor-version":[{"id":593,"href":"https:\/\/tooze.co.za\/sb\/wp-json\/wp\/v2\/pages\/310\/revisions\/593"}],"up":[{"embeddable":true,"href":"https:\/\/tooze.co.za\/sb\/wp-json\/wp\/v2\/pages\/14"}],"wp:attachment":[{"href":"https:\/\/tooze.co.za\/sb\/wp-json\/wp\/v2\/media?parent=310"}],"curies":[{"name":"wp","href":"https:\/\/api.w.org\/{rel}","templated":true}]}}