{"id":20,"date":"2025-07-30T22:36:22","date_gmt":"2025-07-30T22:36:22","guid":{"rendered":"https:\/\/tooze.co.za\/sb\/?page_id=20"},"modified":"2025-11-12T03:05:54","modified_gmt":"2025-11-12T03:05:54","slug":"contact","status":"publish","type":"page","link":"https:\/\/tooze.co.za\/sb\/contact\/","title":{"rendered":"Contact"},"content":{"rendered":"[vc_row type=&#8221;full_width_content&#8221; full_screen_row_position=&#8221;middle&#8221; column_margin=&#8221;default&#8221; column_direction=&#8221;default&#8221; column_direction_tablet=&#8221;default&#8221; column_direction_phone=&#8221;default&#8221; scene_position=&#8221;center&#8221; left_padding_desktop=&#8221;60px&#8221; right_padding_desktop=&#8221;60px&#8221; left_padding_phone=&#8221;20px&#8221; right_padding_phone=&#8221;20px&#8221; text_color=&#8221;dark&#8221; text_align=&#8221;left&#8221; row_border_radius=&#8221;none&#8221; row_border_radius_applies=&#8221;bg&#8221; overflow=&#8221;visible&#8221; overlay_strength=&#8221;0.3&#8243; gradient_direction=&#8221;left_to_right&#8221; shape_divider_position=&#8221;bottom&#8221; bg_image_animation=&#8221;none&#8221; gradient_type=&#8221;default&#8221; shape_type=&#8221;&#8221;][vc_column column_padding=&#8221;no-extra-padding&#8221; column_padding_tablet=&#8221;inherit&#8221; column_padding_phone=&#8221;inherit&#8221; column_padding_position=&#8221;all&#8221; column_element_direction_desktop=&#8221;default&#8221; column_element_spacing=&#8221;default&#8221; desktop_text_alignment=&#8221;default&#8221; tablet_text_alignment=&#8221;default&#8221; phone_text_alignment=&#8221;default&#8221; background_color_opacity=&#8221;1&#8243; background_hover_color_opacity=&#8221;1&#8243; column_backdrop_filter=&#8221;none&#8221; column_shadow=&#8221;none&#8221; column_border_radius=&#8221;none&#8221; column_link_target=&#8221;_self&#8221; column_position=&#8221;default&#8221; gradient_direction=&#8221;left_to_right&#8221; overlay_strength=&#8221;0.3&#8243; width=&#8221;1\/1&#8243; tablet_width_inherit=&#8221;default&#8221; animation_type=&#8221;default&#8221; bg_image_animation=&#8221;none&#8221; border_type=&#8221;simple&#8221; column_border_width=&#8221;none&#8221; column_border_style=&#8221;solid&#8221;][divider line_type=&#8221;No Line&#8221; custom_height=&#8221;60&#8243;][vc_custom_heading text=&#8221;KONTAKT&#8221; use_theme_fonts=&#8221;yes&#8221; css_animation=&#8221;fadeInUp&#8221; css=&#8221;&#8221;][divider line_type=&#8221;No Line&#8221; custom_height=&#8221;20&#8243;][vc_row_inner column_margin=&#8221;60px&#8221; column_direction=&#8221;default&#8221; column_direction_tablet=&#8221;default&#8221; column_direction_phone=&#8221;default&#8221; text_align=&#8221;left&#8221; row_position=&#8221;default&#8221; row_position_tablet=&#8221;inherit&#8221; row_position_phone=&#8221;inherit&#8221; overflow=&#8221;visible&#8221; pointer_events=&#8221;all&#8221;][vc_column_inner column_padding=&#8221;no-extra-padding&#8221; column_padding_tablet=&#8221;inherit&#8221; column_padding_phone=&#8221;inherit&#8221; column_padding_position=&#8221;all&#8221; column_element_direction_desktop=&#8221;default&#8221; column_element_spacing=&#8221;default&#8221; desktop_text_alignment=&#8221;default&#8221; tablet_text_alignment=&#8221;default&#8221; phone_text_alignment=&#8221;default&#8221; background_color_opacity=&#8221;1&#8243; background_hover_color_opacity=&#8221;1&#8243; column_backdrop_filter=&#8221;none&#8221; column_shadow=&#8221;none&#8221; column_border_radius=&#8221;none&#8221; column_link_target=&#8221;_self&#8221; overflow=&#8221;visible&#8221; gradient_direction=&#8221;left_to_right&#8221; overlay_strength=&#8221;0.3&#8243; width=&#8221;1\/2&#8243; tablet_width_inherit=&#8221;default&#8221; animation_type=&#8221;default&#8221; enable_animation=&#8221;true&#8221; animation=&#8221;fade-in&#8221; animation_easing=&#8221;default&#8221; bg_image_animation=&#8221;none&#8221; border_type=&#8221;simple&#8221; column_border_width=&#8221;none&#8221; column_border_style=&#8221;solid&#8221; column_padding_type=&#8221;default&#8221; gradient_type=&#8221;default&#8221;][image_with_animation image_url=&#8221;85&#8243; image_size=&#8221;full&#8221; max_width=&#8221;100%&#8221; max_width_mobile=&#8221;default&#8221; animation_type=&#8221;entrance&#8221; animation=&#8221;None&#8221; animation_movement_type=&#8221;transform_y&#8221; hover_animation=&#8221;none&#8221; alignment=&#8221;&#8221; border_radius=&#8221;none&#8221; box_shadow=&#8221;none&#8221; image_loading=&#8221;default&#8221;][\/vc_column_inner][vc_column_inner column_padding=&#8221;no-extra-padding&#8221; column_padding_tablet=&#8221;inherit&#8221; column_padding_phone=&#8221;inherit&#8221; column_padding_position=&#8221;all&#8221; column_element_direction_desktop=&#8221;default&#8221; column_element_spacing=&#8221;default&#8221; desktop_text_alignment=&#8221;default&#8221; tablet_text_alignment=&#8221;default&#8221; phone_text_alignment=&#8221;default&#8221; background_color_opacity=&#8221;1&#8243; background_hover_color_opacity=&#8221;1&#8243; column_backdrop_filter=&#8221;none&#8221; column_shadow=&#8221;none&#8221; column_border_radius=&#8221;none&#8221; column_link_target=&#8221;_self&#8221; overflow=&#8221;visible&#8221; gradient_direction=&#8221;left_to_right&#8221; overlay_strength=&#8221;0.3&#8243; width=&#8221;1\/2&#8243; tablet_width_inherit=&#8221;default&#8221; animation_type=&#8221;default&#8221; enable_animation=&#8221;true&#8221; animation=&#8221;slight-fade-in-from-bottom&#8221; animation_easing=&#8221;default&#8221; bg_image_animation=&#8221;none&#8221; border_type=&#8221;simple&#8221; column_border_width=&#8221;none&#8221; column_border_style=&#8221;solid&#8221; column_padding_type=&#8221;default&#8221; gradient_type=&#8221;default&#8221;][nectar_responsive_text inherited_font_style=&#8221;default&#8221; text_direction=&#8221;default&#8221; font_line_height=&#8221;1.3&#8243;]<strong>SCHERTZ BERGMANN<\/strong><br \/>\nRechtsanw\u00e4lte PartG mbB<br \/>\nKurf\u00fcrstendamm 53<br \/>\n10707 Berlin<\/p>\n<p>Fon (030) 880 01 50<br \/>\nFax (030) 880 01 555<\/p>\n<p>E-Mail <a href=\"mailto:mail@schertz-bergmann.de\" target=\"_blank\" rel=\"noopener\">mail@schertz-bergmann.de<\/a>[\/nectar_responsive_text][nectar_cta btn_style=&#8221;arrow-animation&#8221; heading_tag=&#8221;h5&#8243; button_color=&#8221;default&#8221; text_color=&#8221;#000000&#8243; text_color_hover=&#8221;#DC4F12&#8243; button_border_thickness=&#8221;0px&#8221; link_type=&#8221;new_tab&#8221; alignment=&#8221;left&#8221; alignment_tablet=&#8221;default&#8221; alignment_phone=&#8221;default&#8221; display=&#8221;block&#8221; display_tablet=&#8221;inherit&#8221; display_phone=&#8221;inherit&#8221; font_size_desktop=&#8221;16&#8243; link_text=&#8221;Wegbeschreibung&#8221; url=&#8221;https:\/\/www.google.com\/maps\/place\/Schertz+Bergmann+Rechtsanw%C3%A4lte+PartG+mbB\/@52.50176,13.3154193,16z\/data=!4m10!1m2!2m1!1sRechtsanw%C3%A4lte+PartG+mbB+Kurf%C3%BCrstendamm+53+10707+Berlin!3m6!1s0x47a850e5a9e8a0eb:0xaa8817f0991c6cd5!8m2!3d52.5014726!4d13.3158699!15sCjhSZWNodHNhbnfDpGx0ZSBQYXJ0RyBtYkIgS3VyZsO8cnN0ZW5kYW1tIDUzIDEwNzA3IEJlcmxpblo6IjhyZWNodHNhbnfDpGx0ZSBwYXJ0ZyBtYmIga3VyZsO8cnN0ZW5kYW1tIDUzIDEwNzA3IGJlcmxpbpIBBmxhd3llcpoBI0NoWkRTVWhOTUc5blMwVkpRMEZuU1VOS2RHOXRTbU5CRUFFqgGgAQoLL2cvMXRsY182NnMKCC9tLzAxNTZxCggvbS8wNGNoYxABKhwiGHJlY2h0c2Fud8OkbHRlIHBhcnRnIG1iYigFMh8QASIb7c51Cy8HG2Hu02ihOPKBggcsPiWcuOERJ8WMMjwQAiI4cmVjaHRzYW53w6RsdGUgcGFydGcgbWJiIGt1cmbDvHJzdGVuZGFtbSA1MyAxMDcwNyBiZXJsaW7gAQD6AQQIABAu!16s%2Fg%2F1tdn_h9j?entry=ttu&amp;g_ep=EgoyMDI1MDgxMy4wIKXMDSoASAFQAw%3D%3D&#8221;][divider line_type=&#8221;No Line&#8221; custom_height=&#8221;15&#8243;][nectar_responsive_text inherited_font_style=&#8221;default&#8221; text_direction=&#8221;default&#8221; font_line_height=&#8221;1.3&#8243;]<strong>ANFAHRT<\/strong><br \/>\nSie finden uns am Kurf\u00fcrstendamm, auf H\u00f6he Ecke<br \/>\nSchl\u00fcterstra\u00dfe bzw. Wielandstra\u00dfe.<\/p>\n<p>Anreise mit dem Auto<br \/>\nAutobahn A 100,<br \/>\nAusfahrt Kurf\u00fcrstendamm.<\/p>\n<p>Anreise mit \u00f6ffentlichen Verkehrsmitteln<br \/>\nU-Bahnhof Adenauerplatz (U 7); S-Bahnhof Savignyplatz<br \/>\n(S 3, 5, 7, 75, 9).[\/nectar_responsive_text][\/vc_column_inner][\/vc_row_inner][divider line_type=&#8221;No Line&#8221; custom_height=&#8221;80&#8243;][\/vc_column][\/vc_row]\n","protected":false},"excerpt":{"rendered":"<p>[vc_row type=&#8221;full_width_content&#8221; full_screen_row_position=&#8221;middle&#8221; column_margin=&#8221;default&#8221; column_direction=&#8221;default&#8221; column_direction_tablet=&#8221;default&#8221; column_direction_phone=&#8221;default&#8221; scene_position=&#8221;center&#8221; left_padding_desktop=&#8221;60px&#8221; right_padding_desktop=&#8221;60px&#8221; left_padding_phone=&#8221;20px&#8221; right_padding_phone=&#8221;20px&#8221; text_color=&#8221;dark&#8221; text_align=&#8221;left&#8221; row_border_radius=&#8221;none&#8221; row_border_radius_applies=&#8221;bg&#8221; overflow=&#8221;visible&#8221; overlay_strength=&#8221;0.3&#8243; gradient_direction=&#8221;left_to_right&#8221; shape_divider_position=&#8221;bottom&#8221; bg_image_animation=&#8221;none&#8221; gradient_type=&#8221;default&#8221; shape_type=&#8221;&#8221;][vc_column column_padding=&#8221;no-extra-padding&#8221; column_padding_tablet=&#8221;inherit&#8221; column_padding_phone=&#8221;inherit&#8221; column_padding_position=&#8221;all&#8221; column_element_direction_desktop=&#8221;default&#8221; column_element_spacing=&#8221;default&#8221; desktop_text_alignment=&#8221;default&#8221;&#8230;<\/p>\n","protected":false},"author":1,"featured_media":0,"parent":0,"menu_order":0,"comment_status":"closed","ping_status":"closed","template":"","meta":{"footnotes":""},"class_list":["post-20","page","type-page","status-publish"],"_links":{"self":[{"href":"https:\/\/tooze.co.za\/sb\/wp-json\/wp\/v2\/pages\/20","targetHints":{"allow":["GET"]}}],"collection":[{"href":"https:\/\/tooze.co.za\/sb\/wp-json\/wp\/v2\/pages"}],"about":[{"href":"https:\/\/tooze.co.za\/sb\/wp-json\/wp\/v2\/types\/page"}],"author":[{"embeddable":true,"href":"https:\/\/tooze.co.za\/sb\/wp-json\/wp\/v2\/users\/1"}],"replies":[{"embeddable":true,"href":"https:\/\/tooze.co.za\/sb\/wp-json\/wp\/v2\/comments?post=20"}],"version-history":[{"count":16,"href":"https:\/\/tooze.co.za\/sb\/wp-json\/wp\/v2\/pages\/20\/revisions"}],"predecessor-version":[{"id":609,"href":"https:\/\/tooze.co.za\/sb\/wp-json\/wp\/v2\/pages\/20\/revisions\/609"}],"wp:attachment":[{"href":"https:\/\/tooze.co.za\/sb\/wp-json\/wp\/v2\/media?parent=20"}],"curies":[{"name":"wp","href":"https:\/\/api.w.org\/{rel}","templated":true}]}}