{"id":148,"date":"2025-08-10T21:35:09","date_gmt":"2025-08-10T21:35:09","guid":{"rendered":"https:\/\/tooze.co.za\/sb\/?page_id=148"},"modified":"2026-01-29T23:04:41","modified_gmt":"2026-01-29T23:04:41","slug":"nicholas-jim-nadolny","status":"publish","type":"page","link":"https:\/\/tooze.co.za\/sb\/nicholas-jim-nadolny\/","title":{"rendered":"Nicholas Jim Nadolny"},"content":{"rendered":"[vc_row type=&#8221;full_width_content&#8221; full_screen_row_position=&#8221;middle&#8221; column_margin=&#8221;default&#8221; column_direction=&#8221;default&#8221; column_direction_tablet=&#8221;default&#8221; column_direction_phone=&#8221;default&#8221; scene_position=&#8221;center&#8221; left_padding_desktop=&#8221;60px&#8221; right_padding_desktop=&#8221;60px&#8221; left_padding_phone=&#8221;20px&#8221; right_padding_phone=&#8221;20px&#8221; text_color=&#8221;dark&#8221; text_align=&#8221;left&#8221; row_border_radius=&#8221;none&#8221; row_border_radius_applies=&#8221;bg&#8221; overflow=&#8221;visible&#8221; overlay_strength=&#8221;0.3&#8243; gradient_direction=&#8221;left_to_right&#8221; shape_divider_position=&#8221;bottom&#8221; bg_image_animation=&#8221;none&#8221; gradient_type=&#8221;default&#8221; shape_type=&#8221;&#8221;][vc_column column_padding=&#8221;no-extra-padding&#8221; column_padding_tablet=&#8221;inherit&#8221; column_padding_phone=&#8221;inherit&#8221; column_padding_position=&#8221;all&#8221; column_element_direction_desktop=&#8221;default&#8221; column_element_spacing=&#8221;default&#8221; desktop_text_alignment=&#8221;default&#8221; tablet_text_alignment=&#8221;default&#8221; phone_text_alignment=&#8221;default&#8221; background_color_opacity=&#8221;1&#8243; background_hover_color_opacity=&#8221;1&#8243; column_backdrop_filter=&#8221;none&#8221; column_shadow=&#8221;none&#8221; column_border_radius=&#8221;none&#8221; column_link_target=&#8221;_self&#8221; column_position=&#8221;default&#8221; gradient_direction=&#8221;left_to_right&#8221; overlay_strength=&#8221;0.3&#8243; width=&#8221;1\/1&#8243; tablet_width_inherit=&#8221;default&#8221; animation_type=&#8221;default&#8221; enable_animation=&#8221;true&#8221; animation=&#8221;fade-in&#8221; animation_easing=&#8221;default&#8221; bg_image_animation=&#8221;none&#8221; border_type=&#8221;simple&#8221; column_border_width=&#8221;none&#8221; column_border_style=&#8221;solid&#8221; column_padding_type=&#8221;default&#8221; gradient_type=&#8221;default&#8221;][divider line_type=&#8221;No Line&#8221; custom_height=&#8221;60&#8243;][vc_custom_heading text=&#8221;RECHTSANW\u00c4LTE&#8221; use_theme_fonts=&#8221;yes&#8221; css_animation=&#8221;fadeInUp&#8221; css=&#8221;.vc_custom_1768341595063{margin-bottom: 10px !important;padding-bottom: 0px !important;}&#8221;][nectar_responsive_text inherited_font_style=&#8221;default&#8221; font_size_desktop=&#8221;16&#8243; font_line_height=&#8221;1&#8243; text_direction=&#8221;default&#8221; link_href=&#8221;https:\/\/tooze.co.za\/sb\/anwalte\/&#8221;]<span style=\"color: #999999;\">Rechtsanw\u00e4lte<\/span> \/ Nicolas Jim Nadolny[\/nectar_responsive_text][divider line_type=&#8221;No Line&#8221; custom_height=&#8221;20&#8243; custom_height_phone=&#8221;5&#8243;][\/vc_column][\/vc_row][vc_row type=&#8221;full_width_content&#8221; full_screen_row_position=&#8221;middle&#8221; column_margin=&#8221;default&#8221; column_direction=&#8221;default&#8221; column_direction_tablet=&#8221;default&#8221; column_direction_phone=&#8221;default&#8221; scene_position=&#8221;center&#8221; left_padding_desktop=&#8221;60px&#8221; right_padding_desktop=&#8221;60px&#8221; left_padding_phone=&#8221;20px&#8221; right_padding_phone=&#8221;20px&#8221; text_color=&#8221;dark&#8221; text_align=&#8221;left&#8221; row_border_radius=&#8221;none&#8221; row_border_radius_applies=&#8221;bg&#8221; overflow=&#8221;visible&#8221; overlay_strength=&#8221;0.3&#8243; gradient_direction=&#8221;left_to_right&#8221; shape_divider_position=&#8221;bottom&#8221; bg_image_animation=&#8221;none&#8221; gradient_type=&#8221;default&#8221; shape_type=&#8221;&#8221;][vc_column column_padding=&#8221;no-extra-padding&#8221; column_padding_tablet=&#8221;inherit&#8221; column_padding_phone=&#8221;inherit&#8221; column_padding_position=&#8221;all&#8221; column_element_direction_desktop=&#8221;default&#8221; column_element_spacing=&#8221;default&#8221; desktop_text_alignment=&#8221;default&#8221; tablet_text_alignment=&#8221;default&#8221; phone_text_alignment=&#8221;default&#8221; background_color_opacity=&#8221;1&#8243; background_hover_color_opacity=&#8221;1&#8243; column_backdrop_filter=&#8221;none&#8221; column_shadow=&#8221;none&#8221; column_border_radius=&#8221;none&#8221; column_link_target=&#8221;_self&#8221; column_position=&#8221;default&#8221; gradient_direction=&#8221;left_to_right&#8221; overlay_strength=&#8221;0.3&#8243; width=&#8221;1\/2&#8243; tablet_width_inherit=&#8221;default&#8221; animation_type=&#8221;default&#8221; enable_animation=&#8221;true&#8221; animation=&#8221;slight-fade-in-from-bottom&#8221; animation_easing=&#8221;default&#8221; bg_image_animation=&#8221;none&#8221; border_type=&#8221;simple&#8221; column_border_width=&#8221;none&#8221; column_border_style=&#8221;solid&#8221; column_padding_type=&#8221;default&#8221; gradient_type=&#8221;default&#8221;][image_with_animation image_url=&#8221;699&#8243; image_size=&#8221;full&#8221; max_width=&#8221;custom&#8221; animation_type=&#8221;entrance&#8221; animation=&#8221;None&#8221; animation_movement_type=&#8221;transform_y&#8221; hover_animation=&#8221;none&#8221; alignment=&#8221;&#8221; border_radius=&#8221;none&#8221; box_shadow=&#8221;none&#8221; image_loading=&#8221;default&#8221; max_width_custom=&#8221;70%&#8221; max_width_custom_phone=&#8221;100%&#8221;][\/vc_column][vc_column column_padding=&#8221;no-extra-padding&#8221; column_padding_tablet=&#8221;inherit&#8221; column_padding_phone=&#8221;inherit&#8221; column_padding_position=&#8221;all&#8221; top_margin_phone=&#8221;30px&#8221; column_element_direction_desktop=&#8221;default&#8221; column_element_spacing=&#8221;default&#8221; desktop_text_alignment=&#8221;default&#8221; tablet_text_alignment=&#8221;default&#8221; phone_text_alignment=&#8221;default&#8221; background_color_opacity=&#8221;1&#8243; background_hover_color_opacity=&#8221;1&#8243; column_backdrop_filter=&#8221;none&#8221; column_shadow=&#8221;none&#8221; column_border_radius=&#8221;none&#8221; column_link_target=&#8221;_self&#8221; column_position=&#8221;default&#8221; gradient_direction=&#8221;left_to_right&#8221; overlay_strength=&#8221;0.3&#8243; width=&#8221;1\/2&#8243; tablet_width_inherit=&#8221;default&#8221; animation_type=&#8221;default&#8221; bg_image_animation=&#8221;none&#8221; border_type=&#8221;simple&#8221; column_border_width=&#8221;none&#8221; column_border_style=&#8221;solid&#8221; column_padding_type=&#8221;default&#8221; gradient_type=&#8221;default&#8221;][vc_custom_heading text=&#8221;NICOLAS JIM NADOLNY&#8221; font_container=&#8221;tag:h3|font_size:22|text_align:left|line_height:1&#8243; use_theme_fonts=&#8221;yes&#8221; css_animation=&#8221;fadeInUp&#8221; css=&#8221;.vc_custom_1760059268196{margin-bottom: 0px !important;padding-bottom: 0px !important;}&#8221;][vc_custom_heading text=&#8221;LL.M. (KCL)&#8221; font_container=&#8221;tag:h5|font_size:15|text_align:left&#8221; use_theme_fonts=&#8221;yes&#8221; css_animation=&#8221;fadeInUp&#8221; css=&#8221;.vc_custom_1768341733260{margin-top: 7px !important;padding-top: 0px !important;}&#8221;][divider line_type=&#8221;No Line&#8221; custom_height=&#8221;10&#8243;][vc_row_inner column_margin=&#8221;default&#8221; column_direction=&#8221;default&#8221; column_direction_tablet=&#8221;default&#8221; column_direction_phone=&#8221;default&#8221; text_align=&#8221;left&#8221; row_position=&#8221;default&#8221; row_position_tablet=&#8221;inherit&#8221; row_position_phone=&#8221;inherit&#8221; overflow=&#8221;visible&#8221; pointer_events=&#8221;all&#8221;][vc_column_inner column_padding=&#8221;no-extra-padding&#8221; column_padding_tablet=&#8221;inherit&#8221; column_padding_phone=&#8221;inherit&#8221; column_padding_position=&#8221;all&#8221; column_element_direction_desktop=&#8221;default&#8221; column_element_spacing=&#8221;default&#8221; desktop_text_alignment=&#8221;default&#8221; tablet_text_alignment=&#8221;default&#8221; phone_text_alignment=&#8221;default&#8221; background_color_opacity=&#8221;1&#8243; background_hover_color_opacity=&#8221;1&#8243; column_backdrop_filter=&#8221;none&#8221; column_shadow=&#8221;none&#8221; column_border_radius=&#8221;none&#8221; column_link_target=&#8221;_self&#8221; overflow=&#8221;visible&#8221; gradient_direction=&#8221;left_to_right&#8221; overlay_strength=&#8221;0.3&#8243; width=&#8221;1\/1&#8243; tablet_width_inherit=&#8221;default&#8221; animation_type=&#8221;default&#8221; bg_image_animation=&#8221;none&#8221; border_type=&#8221;simple&#8221; column_border_width=&#8221;none&#8221; column_border_style=&#8221;solid&#8221;][vc_column_text css_animation=&#8221;fadeIn&#8221; css=&#8221;&#8221; text_direction=&#8221;default&#8221;]<strong>Nicolas Jim Nadolny<\/strong> studierte Rechtswissenschaften an der Humboldt-Universit\u00e4t zu Berlin. Er absolvierte sein Schwerpunktstudium als Stipendiat des Deutschen Akademischen Austauschdienstes (DAAD) an der Universit\u00e4t La Sapienza in Rom. Im Anschluss erwarb er einen Master of Laws (LL.M.) am King\u2019s College London, wo er sich rechtsvergleichend mit Fragen des internationalen und europ\u00e4ischen Medienrechts befasste.<\/p>\n<p>Nach dem ersten Staatsexamen war Nicolas Jim Nadolny wissenschaftlicher Mitarbeiter in einer gro\u00dfen deutschen Wirtschaftskanzlei im Bereich Presse- und Urheberrecht. Stationen seines Rechtsreferendariats f\u00fchrten ihn au\u00dferdem zu der f\u00fcr Pressesachen zust\u00e4ndigen 2. Zivilkammer des Landgerichts Potsdam sowie ins Pressereferat des Bundesjustizministeriums.<\/p>\n<p>Neben seiner juristischen Expertise verf\u00fcgt Nicolas Jim Nadolny \u00fcber umfassende journalistische Erfahrungen. Vor seinem Rechtsreferendariat und dem Eintritt in die Anwaltschaft war er als Redakteur f\u00fcr verschiedene f\u00fchrende Polit-Formate im Fernsehprogramm des \u00f6ffentlich-rechtlichen Rundfunks und im privaten Fernsehen t\u00e4tig.<\/p>\n<p>Seit Anfang 2023 ist Nicolas Jim Nadolny als Rechtsanwalt bei Schertz Bergmann t\u00e4tig, seit Januar 2026 ist er Salary Partner der Soziet\u00e4t. Er ist auf die Bereiche Presse- und Pers\u00f6nlichkeitsrecht sowie Reputationsschutz spezialisiert und vertritt Institutionen ebenso wie Einzelpersonen, insbesondere aus der Kunst und Kultur, Politik und Wirtschaft. Zahlreiche Unternehmen ber\u00e4t er laufend zur strategischen Rechtskommunikation ebenso wie in allen akuten Konfliktsituationen aufgrund negativer Berichterstattung. Ein weiterer Schwerpunkt seiner T\u00e4tigkeit liegt in der presserechtlichen Begleitung von strafrechtlichen Ermittlungs- und Gerichtsverfahren. Hier arbeitet er regelm\u00e4\u00dfig mit den f\u00fchrenden (wirtschafts-)strafrechtlichen Soziet\u00e4ten zusammen und ist Ansprechpartner f\u00fcr alle presse- und medienrechtlichen Fragestellungen.[\/vc_column_text][\/vc_column_inner][\/vc_row_inner][toggles style=&#8221;minimal&#8221; accordion=&#8221;true&#8221; accordion_starting_functionality=&#8221;closed&#8221;][toggle color=&#8221;Accent-Color&#8221; heading_tag=&#8221;h6&#8243; heading_tag_functionality=&#8221;change_html_tag&#8221; title=&#8221;MEHR&#8221;][vc_column_text css=&#8221;&#8221; text_direction=&#8221;default&#8221;]Neben seiner anwaltlichen T\u00e4tigkeit ist Nicolas Jim Nadolny Initiator und Gr\u00fcndungsvorstand der\u00a0<em>Jungen Gesellschaft f\u00fcr Presse- und Pers\u00f6nlichkeitsrecht e.V.<\/em>, einer Fachgesellschaft f\u00fcr den Austausch auf dem Gebiet des Presse- und Pers\u00f6nlichkeitsrechts, die die j\u00e4hrlich stattfindende\u00a0<em>Junge Tagung Presse- und Pers\u00f6nlichkeitsrecht<\/em>\u00a0veranstaltet. Er ist zudem Autor in dem im Verlag C.H. Beck erscheinenden Grundlagenwerk Hoeren \/ Sieber \/ Holznagel, \u201eHandbuch Multimedia-Recht\u201c.<\/p>\n<p>Parallel zu seiner anwaltlichen T\u00e4tigkeit promoviert Nicolas Jim Nadolny an der Universit\u00e4t Potsdam zu einem pers\u00f6nlichkeitsrechtlichen Thema. Er ist zudem in der universit\u00e4ren Lehre engagiert und h\u00e4lt etwa an der Universit\u00e4t Potsdam regelm\u00e4\u00dfig in Vertretung die Vorlesung zum Presse- und Pers\u00f6nlichkeitsrecht.[\/vc_column_text][\/toggle][\/toggles]<div class=\"iwithtext\"><div class=\"iwt-icon\"> <i class=\"icon-default-style fa fa-envelope-o extra-color-1\"><\/i> <\/div><div class=\"iwt-text\"> <span style=\"color: #000000;\"><a style=\"color: #000000;\" href=\"https:\/\/tooze.co.za\/sb\/contact\/\">Email Nicolas Jim Nadolny<\/a><\/span> <\/div><div class=\"clear\"><\/div><\/div>[divider line_type=&#8221;No Line&#8221; custom_height=&#8221;30&#8243;][\/vc_column][\/vc_row][vc_row type=&#8221;in_container&#8221; full_screen_row_position=&#8221;middle&#8221; column_margin=&#8221;default&#8221; column_direction=&#8221;default&#8221; column_direction_tablet=&#8221;default&#8221; column_direction_phone=&#8221;default&#8221; scene_position=&#8221;center&#8221; text_color=&#8221;dark&#8221; text_align=&#8221;left&#8221; row_border_radius=&#8221;none&#8221; row_border_radius_applies=&#8221;bg&#8221; overflow=&#8221;visible&#8221; overlay_strength=&#8221;0.3&#8243; gradient_direction=&#8221;left_to_right&#8221; shape_divider_position=&#8221;bottom&#8221; bg_image_animation=&#8221;none&#8221;][vc_column column_padding=&#8221;no-extra-padding&#8221; column_padding_tablet=&#8221;inherit&#8221; column_padding_phone=&#8221;inherit&#8221; column_padding_position=&#8221;all&#8221; column_element_direction_desktop=&#8221;default&#8221; column_element_spacing=&#8221;default&#8221; centered_text=&#8221;true&#8221; desktop_text_alignment=&#8221;default&#8221; tablet_text_alignment=&#8221;default&#8221; phone_text_alignment=&#8221;default&#8221; background_color_opacity=&#8221;1&#8243; background_hover_color_opacity=&#8221;1&#8243; column_backdrop_filter=&#8221;none&#8221; column_shadow=&#8221;none&#8221; column_border_radius=&#8221;none&#8221; column_link_target=&#8221;_self&#8221; column_position=&#8221;default&#8221; gradient_direction=&#8221;left_to_right&#8221; overlay_strength=&#8221;0.3&#8243; width=&#8221;1\/1&#8243; tablet_width_inherit=&#8221;default&#8221; animation_type=&#8221;default&#8221; bg_image_animation=&#8221;none&#8221; border_type=&#8221;simple&#8221; column_border_width=&#8221;none&#8221; column_border_style=&#8221;solid&#8221; column_padding_type=&#8221;default&#8221; gradient_type=&#8221;default&#8221;][divider line_type=&#8221;No Line&#8221; custom_height=&#8221;50&#8243; custom_height_phone=&#8221;30&#8243;][nectar_btn size=&#8221;medium&#8221; button_style=&#8221;see-through-2&#8243; color_override=&#8221;#000000&#8243; hover_color_override=&#8221;#000000&#8243; hover_text_color_override=&#8221;#ffffff&#8221; icon_family=&#8221;none&#8221; text=&#8221;ZUR\u00dcCK&#8221; url=&#8221;https:\/\/tooze.co.za\/sb\/anwalte\/&#8221;][divider line_type=&#8221;No Line&#8221; custom_height=&#8221;60&#8243; custom_height_phone=&#8221;40&#8243;][\/vc_column][\/vc_row]\n","protected":false},"excerpt":{"rendered":"<p>[vc_row type=&#8221;full_width_content&#8221; full_screen_row_position=&#8221;middle&#8221; column_margin=&#8221;default&#8221; column_direction=&#8221;default&#8221; column_direction_tablet=&#8221;default&#8221; column_direction_phone=&#8221;default&#8221; scene_position=&#8221;center&#8221; left_padding_desktop=&#8221;60px&#8221; right_padding_desktop=&#8221;60px&#8221; left_padding_phone=&#8221;20px&#8221; right_padding_phone=&#8221;20px&#8221; text_color=&#8221;dark&#8221; text_align=&#8221;left&#8221; row_border_radius=&#8221;none&#8221; row_border_radius_applies=&#8221;bg&#8221; overflow=&#8221;visible&#8221; overlay_strength=&#8221;0.3&#8243; gradient_direction=&#8221;left_to_right&#8221; shape_divider_position=&#8221;bottom&#8221; bg_image_animation=&#8221;none&#8221; gradient_type=&#8221;default&#8221; shape_type=&#8221;&#8221;][vc_column column_padding=&#8221;no-extra-padding&#8221; column_padding_tablet=&#8221;inherit&#8221; column_padding_phone=&#8221;inherit&#8221; column_padding_position=&#8221;all&#8221; column_element_direction_desktop=&#8221;default&#8221; column_element_spacing=&#8221;default&#8221; desktop_text_alignment=&#8221;default&#8221;&#8230;<\/p>\n","protected":false},"author":1,"featured_media":0,"parent":0,"menu_order":0,"comment_status":"closed","ping_status":"closed","template":"","meta":{"footnotes":""},"class_list":["post-148","page","type-page","status-publish"],"_links":{"self":[{"href":"https:\/\/tooze.co.za\/sb\/wp-json\/wp\/v2\/pages\/148","targetHints":{"allow":["GET"]}}],"collection":[{"href":"https:\/\/tooze.co.za\/sb\/wp-json\/wp\/v2\/pages"}],"about":[{"href":"https:\/\/tooze.co.za\/sb\/wp-json\/wp\/v2\/types\/page"}],"author":[{"embeddable":true,"href":"https:\/\/tooze.co.za\/sb\/wp-json\/wp\/v2\/users\/1"}],"replies":[{"embeddable":true,"href":"https:\/\/tooze.co.za\/sb\/wp-json\/wp\/v2\/comments?post=148"}],"version-history":[{"count":19,"href":"https:\/\/tooze.co.za\/sb\/wp-json\/wp\/v2\/pages\/148\/revisions"}],"predecessor-version":[{"id":700,"href":"https:\/\/tooze.co.za\/sb\/wp-json\/wp\/v2\/pages\/148\/revisions\/700"}],"wp:attachment":[{"href":"https:\/\/tooze.co.za\/sb\/wp-json\/wp\/v2\/media?parent=148"}],"curies":[{"name":"wp","href":"https:\/\/api.w.org\/{rel}","templated":true}]}}